{"id":93,"date":"2020-12-21T09:52:35","date_gmt":"2020-12-21T09:52:35","guid":{"rendered":"http:\/\/www.svsarganserland.ch\/wp\/?page_id=93"},"modified":"2025-04-21T11:18:55","modified_gmt":"2025-04-21T11:18:55","slug":"veteranen","status":"publish","type":"page","link":"http:\/\/www.svsarganserland.ch\/wp\/?page_id=93","title":{"rendered":"Veteranen"},"content":{"rendered":"\n<p><a href=\"http:\/\/www.svsarganserland.ch\/wp\/?page_id=95\">Termine<\/a><\/p>\n\n\n\n<p><a href=\"http:\/\/www.svsarganserland.ch\/wp\/?page_id=755\" data-type=\"page\" data-id=\"755\">St. Galler Kantonalsch\u00fctzenfest f\u00fcr Veteranen 2026<\/a><\/p>\n\n\n\n<p><a href=\"http:\/\/www.svsarganserland.ch\/wp\/?page_id=98\">Veteranenanl\u00e4sse<\/a><\/p>\n\n\n\n<p><a href=\"http:\/\/www.svsarganserland.ch\/wp\/?page_id=101\">Vorstand<\/a><\/p>\n\n\n\n<p><a href=\"http:\/\/www.svsarganserland.ch\/wp\/?page_id=104\">Mitglieder<\/a><\/p>\n\n\n\n<p><a href=\"http:\/\/www.svsarganserland.ch\/wp\/?page_id=491(\u00f6ffnet in neuem Tab)\">Diverses<\/a><\/p>\n","protected":false},"excerpt":{"rendered":"<p>Termine St. Galler Kantonalsch\u00fctzenfest f\u00fcr Veteranen 2026 Veteranenanl\u00e4sse Vorstand Mitglieder Diverses<\/p>\n","protected":false},"author":1,"featured_media":0,"parent":0,"menu_order":0,"comment_status":"closed","ping_status":"closed","template":"","meta":{"footnotes":""},"class_list":["post-93","page","type-page","status-publish","hentry"],"_links":{"self":[{"href":"http:\/\/www.svsarganserland.ch\/wp\/index.php?rest_route=\/wp\/v2\/pages\/93","targetHints":{"allow":["GET"]}}],"collection":[{"href":"http:\/\/www.svsarganserland.ch\/wp\/index.php?rest_route=\/wp\/v2\/pages"}],"about":[{"href":"http:\/\/www.svsarganserland.ch\/wp\/index.php?rest_route=\/wp\/v2\/types\/page"}],"author":[{"embeddable":true,"href":"http:\/\/www.svsarganserland.ch\/wp\/index.php?rest_route=\/wp\/v2\/users\/1"}],"replies":[{"embeddable":true,"href":"http:\/\/www.svsarganserland.ch\/wp\/index.php?rest_route=%2Fwp%2Fv2%2Fcomments&post=93"}],"version-history":[{"count":10,"href":"http:\/\/www.svsarganserland.ch\/wp\/index.php?rest_route=\/wp\/v2\/pages\/93\/revisions"}],"predecessor-version":[{"id":759,"href":"http:\/\/www.svsarganserland.ch\/wp\/index.php?rest_route=\/wp\/v2\/pages\/93\/revisions\/759"}],"wp:attachment":[{"href":"http:\/\/www.svsarganserland.ch\/wp\/index.php?rest_route=%2Fwp%2Fv2%2Fmedia&parent=93"}],"curies":[{"name":"wp","href":"https:\/\/api.w.org\/{rel}","templated":true}]}}