{"id":87,"date":"2020-12-21T09:47:55","date_gmt":"2020-12-21T09:47:55","guid":{"rendered":"http:\/\/www.svsarganserland.ch\/wp\/?page_id=87"},"modified":"2025-03-09T12:10:13","modified_gmt":"2025-03-09T12:10:13","slug":"match-gewehr","status":"publish","type":"page","link":"http:\/\/www.svsarganserland.ch\/wp\/?page_id=87","title":{"rendered":"Match Gewehr"},"content":{"rendered":"\n<p><strong>Matchchef Gewehr<\/strong><br>Vakant<\/p>\n\n\n\n<hr class=\"wp-block-separator has-css-opacity\"\/>\n\n\n<p><strong>8. M\u00e4rz 2022<\/strong><\/p>\n<p><a href=\"http:\/\/svsarganserland.ch\/Dateien\/Daten2022\/VerbandsmatchSVS2022.pdf\" target=\"_blank\" rel=\"noopener\">Verbandsmatch 2022<\/a><\/p>\n<p><a href=\"http:\/\/svsarganserland.ch\/Dateien\/Daten2022\/SVS%20Matchplan%202022.pdf\" target=\"_blank\" rel=\"noopener\">Matchplan 2022<\/a><\/p>\n\n\n<p>12. M\u00e4rt 2021<br><a href=\"http:\/\/svsarganserland.ch\/Dateien\/Daten2021\/Schiessbetrieb\/SVS%20Matchplan%202021.pdf\" target=\"_blank\" rel=\"noreferrer noopener\">Matchplan<\/a>&nbsp;2021<\/p>\n\n\n\n<p>7. Juli 2020<br><a href=\"http:\/\/svsarganserland.ch\/Dateien\/Daten%202020\/SVS%20Matchplan%202020.pdf\" target=\"_blank\" rel=\"noreferrer noopener\">Matchplan<\/a>&nbsp;2020&nbsp;<img decoding=\"async\" src=\"http:\/\/www.svsarganserland.ch\/images\/ico-pdf-pdf_5e001007.png\" alt=\"\"><\/p>\n\n\n\n<p>30. Oktober 2019<br><a href=\"http:\/\/svsarganserland.ch\/Dateien\/Daten2019\/Rangliste%20Verbandsmatch%202019.pdf\" target=\"_blank\" rel=\"noreferrer noopener\">Rangliste<\/a>&nbsp;Verbandsmatch<\/p>\n\n\n\n<p>4. April 2019<br><a href=\"http:\/\/svsarganserland.ch\/Dateien\/Daten2019\/SVS%20Matchplan%202019.pdf\" target=\"_blank\" rel=\"noreferrer noopener\">Matchplan<\/a>&nbsp;2019&nbsp;<img decoding=\"async\" src=\"http:\/\/www.svsarganserland.ch\/images\/ico-pdf-pdf_3le0a0k4.png\" alt=\"\"><\/p>\n\n\n\n<p>23. Oktober 2017<br>300m-Matchmeisterschaften<br><a href=\"http:\/\/svsarganserland.ch\/Dateien\/Daten2017\/SVS-Match%20-%202017\/SVS_Matchmeist16-10-17.pdf\" target=\"_blank\" rel=\"noreferrer noopener\">Bericht<\/a>&nbsp;von Martin Nauer<\/p>\n\n\n\n<p><img decoding=\"async\" src=\"http:\/\/www.svsarganserland.ch\/images\/p1010437.jpg\" alt=\"\"><\/p>\n\n\n\n<p>Medaillensatz f\u00fcr Matthias Willi: Der Plonser gewann im Zweistellungsmatch Gold, liegend mit dem Sportgewehr Silber und mit dem Sturmgewehr Bronze.<\/p>\n\n\n\n<p>15. Mai 2017<br><a href=\"http:\/\/svsarganserland.ch\/Dateien\/Daten2017\/SVS%20Matchplan%202017.pdf\" target=\"_blank\" rel=\"noreferrer noopener\">Matchplan<\/a>&nbsp;2017<\/p>\n\n\n\n<p>13. Oktober 2016<br><a href=\"http:\/\/svsarganserland.ch\/Dateien\/Daten%202016\/Berichte16\/Zeitungsbericht%20Verbandsmatch2016.pdf\" target=\"_blank\" rel=\"noreferrer noopener\">Bericht<\/a>&nbsp;Verbandsmatch<\/p>\n\n\n\n<p>7. September 2016<br>Einladung &nbsp;<a href=\"http:\/\/svsarganserland.ch\/Dateien\/Daten%202016\/Einladung%20Verbandsmatch%202016.pdf\" target=\"_blank\" rel=\"noreferrer noopener\">Verbandsmatch<\/a><\/p>\n\n\n\n<p>30. September 2015<br>Bericht Verbandsmatch<br><em><a href=\"http:\/\/svsarganserland.ch\/Dateien\/Daten2015\/SVSVerbMatch29-09-15.pdf\" target=\"_blank\" rel=\"noreferrer noopener\">Altmeister wird erneut Verbandsmeister<\/a><\/em><\/p>\n\n\n\n<p>26. Mai 2015<br><strong>Bless gewinnt 8. Kniendmatch<\/strong><br>Der 8. Sarganserl\u00e4nder Kniendmatch auf der langen Distanz ist mit hohen 568 Punkten von Roger Bless vom Sch\u00fctzenverein Quarten-Oberterzen gewonnen worden.<br><em><a href=\"http:\/\/svsarganserland.ch\/Dateien\/Daten2015\/KniendmatchSVS24-05-15.pdf\" target=\"_blank\" rel=\"noreferrer noopener\">zum Bericht<\/a><\/em><\/p>\n\n\n\n<p>04. Februar 2015<br><a href=\"http:\/\/www.svsarganserland.ch\/files\/Terminplan-Gewehr-2015.pdf\" target=\"_blank\" rel=\"noreferrer noopener\">Terminplan<\/a><\/p>\n\n\n\n<p>2014 &#8212;&#8212;&#8212;&#8212;&#8212;&#8212;&#8212;&#8212;&#8212;&#8212;&#8212;&#8212;&#8212;&#8212;&#8212;&#8212;&#8212;&#8212;&#8212;&#8212;&#8212;&#8212;&#8212;&#8212;&#8212;&#8212;&#8212;&#8212;&#8212;&#8212;&#8212;&#8212;&#8212;&#8212;&#8211;<\/p>\n\n\n\n<p>15. Oktober 2014<br>Schlussmatch 2014<br><strong>Mit dem Hattrick wurde nichts<\/strong><br><em>Zum Bericht von Peter Gr\u00fcnenfelder<\/em><\/p>\n\n\n\n<p>2-Stellungsmatch<br>1. Remo Zimmermann MSV Vilters 568, 2. Martin Nauer SV Mels 557, 3. Guido Zeller SV Quarten-Oberterzen 549<\/p>\n\n\n\n<p>18. September 2014<br><strong>Den Spiess kurzerhand umgedreht<\/strong><br>Schiessen: Am Samstag, 13. September vergab der Sch\u00fctzenverband Sarganserland die Bezirksmatchtitel in drei Kategorien. Zw\u00f6lf Sch\u00fctzen aus dem Bezirkskader wie auch aus verschiedenen Vereinen standen sich dabei in Konkurrenz. Zu den bekannten Namen Martin Nauer und Martin Janser gesellte sich ein mit Mathias Willi ein Newcomer.<br><em><a href=\"http:\/\/www.svsarganserland.ch\/files\/Zeitungsbericht-Verbandsmatch_mi53d390.pdf\" target=\"_blank\" rel=\"noreferrer noopener\">Zum Bericht von Peter Gr\u00fcnenfelder<\/a><\/em><\/p>\n\n\n\n<p>F\u00fcr Sch\u00fctzen immer ein offenes Ohr: Verbandspr\u00e4sident Othmar Albertin (links)<br>im Gespr\u00e4ch mit Walter Pfiffner (hinten) &nbsp;und Rued Britt (rechts) vom SV Weisstannen.<\/p>\n\n\n\n<p>K\u00e4mpfen um jeden Punkt: Herbert Bigger (hinten) und Guido Zeller (vorne) beim Liegendteil<\/p>\n\n\n\n<p>08.Mai 2014<br><strong>Hochform konservieren als Ziel<br><\/strong><em>Bericht: Peter Gr\u00fcnenfelder<\/em><\/p>\n\n\n\n<p>Am Montagabend &nbsp;des 5. Mai fand auf dem Schiessstand Valeiris in Mels die 7. Auflage des Kniend Matches statt. Nicht zuletzt diente dieser Anlass als Formtest f\u00fcr den im Juni bevorstehenden &nbsp;zentralisierten Kantonalmatch, anl\u00e4sslich des KSF St. Gallen. Dass die Matchsch\u00fctzen des SVS in Form sind, beweisen die Resultate, denn &nbsp;550 Ringe und mehr sind schon beim Zweistellungsmatch \u2013 Auszeichnungslimite 525 &#8211;&nbsp;&nbsp;mehr als ansprechbare Resultate. Den Sieg in den dreimal 20 Schuss kniend sicherte sich Martin Janser, der zugleich mit 195 die h\u00f6chste 20er Passe schoss. Dahinter entwickelte sich ein wahrer Punktekrimi um die Podestpl\u00e4tze, trennen den zweitplatzierten Remo Zimmermann und den vierten Martin Nauer lediglich 2 Punkte. Mit 97 liess es sich Altmeister Nauer einmal mehr nicht nehmen, sich die h\u00f6chste 10er Passe schreiben zu lassen.<\/p>\n\n\n\n<p><em>1. Martin Janser MSV Quinten &nbsp;564,<\/em><em>&nbsp;2. Remo Zimmermann MSV Vilters 559, 3. Roger Bless SV Quarten-Oberterzen 558, 4. Martin Nauer SV Mels 557, 5. Ren\u00e9 Keller MSV Pf\u00e4fers 541, 6. Guido Zeller SV Quarten-Oberterzen 521, 7. Stefano Keller MSV Pf\u00e4fers 511<\/em><\/p>\n\n\n\n<p>Konzentriert aber dennoch locker und entspannt:<br>Die Matchsch\u00fctzen beim Kniendmatch.<\/p>\n\n\n\n<p>2.Jannuar.2014<br>Match 300&nbsp;<a href=\"http:\/\/www.svsarganserland.ch\/files\/Terminplan_Match_300m_2014-Matchplan.pdf\" target=\"_blank\" rel=\"noreferrer noopener\">Terminplanung<\/a>&nbsp;2014<\/p>\n","protected":false},"excerpt":{"rendered":"<p>Matchchef GewehrVakant 8. M\u00e4rz 2022 Verbandsmatch 2022 Matchplan 2022 12. M\u00e4rt 2021Matchplan&nbsp;2021 7. Juli 2020Matchplan&nbsp;2020&nbsp; 30. Oktober 2019Rangliste&nbsp;Verbandsmatch 4. April 2019Matchplan&nbsp;2019&nbsp; 23. Oktober 2017300m-MatchmeisterschaftenBericht&nbsp;von Martin Nauer Medaillensatz f\u00fcr Matthias Willi: Der Plonser gewann im Zweistellungsmatch Gold, liegend mit dem Sportgewehr&#8230; <a href=\"http:\/\/www.svsarganserland.ch\/wp\/?page_id=87\" class=\"readmore\">Weiterlesen<span class=\"screen-reader-text\">Match Gewehr<\/span><span class=\"fa fa-angle-double-right\" aria-hidden=\"true\"><\/span><\/a><\/p>\n","protected":false},"author":1,"featured_media":0,"parent":0,"menu_order":0,"comment_status":"closed","ping_status":"closed","template":"","meta":{"footnotes":""},"class_list":["post-87","page","type-page","status-publish","hentry"],"_links":{"self":[{"href":"http:\/\/www.svsarganserland.ch\/wp\/index.php?rest_route=\/wp\/v2\/pages\/87","targetHints":{"allow":["GET"]}}],"collection":[{"href":"http:\/\/www.svsarganserland.ch\/wp\/index.php?rest_route=\/wp\/v2\/pages"}],"about":[{"href":"http:\/\/www.svsarganserland.ch\/wp\/index.php?rest_route=\/wp\/v2\/types\/page"}],"author":[{"embeddable":true,"href":"http:\/\/www.svsarganserland.ch\/wp\/index.php?rest_route=\/wp\/v2\/users\/1"}],"replies":[{"embeddable":true,"href":"http:\/\/www.svsarganserland.ch\/wp\/index.php?rest_route=%2Fwp%2Fv2%2Fcomments&post=87"}],"version-history":[{"count":6,"href":"http:\/\/www.svsarganserland.ch\/wp\/index.php?rest_route=\/wp\/v2\/pages\/87\/revisions"}],"predecessor-version":[{"id":697,"href":"http:\/\/www.svsarganserland.ch\/wp\/index.php?rest_route=\/wp\/v2\/pages\/87\/revisions\/697"}],"wp:attachment":[{"href":"http:\/\/www.svsarganserland.ch\/wp\/index.php?rest_route=%2Fwp%2Fv2%2Fmedia&parent=87"}],"curies":[{"name":"wp","href":"https:\/\/api.w.org\/{rel}","templated":true}]}}