{"id":46,"date":"2020-12-21T09:18:04","date_gmt":"2020-12-21T09:18:04","guid":{"rendered":"http:\/\/www.svsarganserland.ch\/wp\/?page_id=46"},"modified":"2026-03-23T17:59:00","modified_gmt":"2026-03-23T17:59:00","slug":"besondere-adressen","status":"publish","type":"page","link":"http:\/\/www.svsarganserland.ch\/wp\/?page_id=46","title":{"rendered":"Besondere Adressen"},"content":{"rendered":"<p><strong>Eidg. Schiessoffizier<\/strong><br \/>\nOberst Fridolin Nauer<br \/>\nAuwiesenstrasse 5<br \/>\n9030 Abtwil<br \/>\nG: 071 \/ 311 19 46<br \/>\nM: 079 \/ 218 56 02<br \/>\n<a href=\"mailto:eso19@bluewin.ch\">E-Mail<\/a><\/p>\n<p><strong>Kranzkartenverwalterin<\/strong><br \/>\nErika Hollenstein<br \/>\nUeberech 2505<br \/>\n9613 M\u00fchlr\u00fcti<br \/>\n<a href=\"mailto:erika.hollenstein@sgksv.ch\" data-type=\"URL\">E-Mail<\/a><br \/>\n(Einl\u00f6sung vom 1. Februar &#8211;\u00a031. Oktober)<\/p>\n<p><strong>Sekretariat KSV<\/strong><\/p>\n<p>Sch\u00f6nenberger Ursula<br \/>\nTellstrasse 6<br \/>\n9533 Kirchberg<br \/>\n079 579 12 16<br \/>\n<a href=\"mailto:gs@sgksv.ch\">E-Mail<\/a><\/p>\n<h4>Gesch\u00e4ftspr\u00fcfungskommission<\/h4>\n<p>Sani Fernando<br \/>\nLoftstrasse 22<br \/>\n8880 Walenstadt<br \/>\n079 402 12 76<br \/>\n081 735 25 75<br \/>\n<a href=\"mailto:fernando.sani@zellersani.ch\">E-Mail<\/a><\/p>\n<p>Bertsch Hannes<br \/>\nSchn\u00e4lsstrasse 4<br \/>\n8896 Flumserberg<br \/>\n081 733 12 76<br \/>\n079 625 18 25<br \/>\n<a href=\"mailto:hannes.bertsch@msvfg.ch\">E-Mail<\/a><\/p>\n","protected":false},"excerpt":{"rendered":"<p>Eidg. Schiessoffizier Oberst Fridolin Nauer Auwiesenstrasse 5 9030 Abtwil G: 071 \/ 311 19 46 M: 079 \/ 218 56 02 E-Mail Kranzkartenverwalterin Erika Hollenstein Ueberech 2505 9613 M\u00fchlr\u00fcti E-Mail (Einl\u00f6sung vom 1. Februar &#8211;\u00a031. Oktober) Sekretariat KSV Sch\u00f6nenberger Ursula&#8230; <a href=\"http:\/\/www.svsarganserland.ch\/wp\/?page_id=46\" class=\"readmore\">Weiterlesen<span class=\"screen-reader-text\">Besondere Adressen<\/span><span class=\"fa fa-angle-double-right\" aria-hidden=\"true\"><\/span><\/a><\/p>\n","protected":false},"author":1,"featured_media":0,"parent":0,"menu_order":0,"comment_status":"closed","ping_status":"closed","template":"","meta":{"footnotes":""},"class_list":["post-46","page","type-page","status-publish","hentry"],"_links":{"self":[{"href":"http:\/\/www.svsarganserland.ch\/wp\/index.php?rest_route=\/wp\/v2\/pages\/46","targetHints":{"allow":["GET"]}}],"collection":[{"href":"http:\/\/www.svsarganserland.ch\/wp\/index.php?rest_route=\/wp\/v2\/pages"}],"about":[{"href":"http:\/\/www.svsarganserland.ch\/wp\/index.php?rest_route=\/wp\/v2\/types\/page"}],"author":[{"embeddable":true,"href":"http:\/\/www.svsarganserland.ch\/wp\/index.php?rest_route=\/wp\/v2\/users\/1"}],"replies":[{"embeddable":true,"href":"http:\/\/www.svsarganserland.ch\/wp\/index.php?rest_route=%2Fwp%2Fv2%2Fcomments&post=46"}],"version-history":[{"count":6,"href":"http:\/\/www.svsarganserland.ch\/wp\/index.php?rest_route=\/wp\/v2\/pages\/46\/revisions"}],"predecessor-version":[{"id":821,"href":"http:\/\/www.svsarganserland.ch\/wp\/index.php?rest_route=\/wp\/v2\/pages\/46\/revisions\/821"}],"wp:attachment":[{"href":"http:\/\/www.svsarganserland.ch\/wp\/index.php?rest_route=%2Fwp%2Fv2%2Fmedia&parent=46"}],"curies":[{"name":"wp","href":"https:\/\/api.w.org\/{rel}","templated":true}]}}