{"id":35,"date":"2020-12-21T09:08:37","date_gmt":"2020-12-21T09:08:37","guid":{"rendered":"http:\/\/www.svsarganserland.ch\/wp\/?page_id=35"},"modified":"2025-04-02T17:31:57","modified_gmt":"2025-04-02T17:31:57","slug":"leitender-ausschuss","status":"publish","type":"page","link":"http:\/\/www.svsarganserland.ch\/wp\/?page_id=35","title":{"rendered":"Leitender Ausschuss"},"content":{"rendered":"\n<p><strong>Pr\u00e4sident<\/strong><br>Hans Rickenbacher<br>Schickstrasse 25<br>8889 Plons<br><em><a href=\"http:\/\/svsarganserland.ch\/Dateien\/Pflichtenhefte\/Pflichtenheft%20Praesident%20SVS.pdf\" target=\"_blank\" rel=\"noreferrer noopener\">Pflichtenheft Pr\u00e4sident<\/a><\/em><br><br><strong>Vizepr\u00e4sident<\/strong> a.i<br>Hans Rickenbacher<br>Schickstrasse 25<br>8889 Plons<br><em><a href=\"http:\/\/svsarganserland.ch\/Dateien\/Daten2017\/Pflichtenheft%20Vizepr%C3%83%C2%A4sident.pdf\" target=\"_blank\" rel=\"noreferrer noopener\">Pflichtenheft Vizepr\u00e4sident<\/a><\/em><br><strong><br>Aktuarin<\/strong><br>Christine Pfiffner<br>Parfannastrasse 41<br>8887 Mels<br><a href=\"javascript:x5engine.utils.emailTo('241322322','chwin.eblu9@a3annrfpa')\">E-<\/a><a href=\"mailto:parfanna39@bluewin.ch\">Mail<\/a><br>G:\u00a0081 723 53 18<br>N:\u00a0079 336 65 74<br><em><a href=\"http:\/\/svsarganserland.ch\/Dateien\/Daten2017\/Pflichtenheft%20Aktuarin.pdf\" target=\"_blank\" rel=\"noreferrer noopener\">Pflichtenheft Aktuarin<\/a><\/em><br><br><strong>Finanzchef<\/strong><br>K\u00fchne Othmar<br>Schulhausstrasse 6<br>7324 Vilters<br><a href=\"mailto:finanzchef@svsarganserland.ch\">E-Mail<\/a><br>P: 081 723 57 64<br>N: 079 610 26 15<br><em><a href=\"http:\/\/svsarganserland.ch\/Dateien\/Pflichtenhefte\/Pfichtenheft%20Finanzchef%20SVS%202022%20Othmar%20Kuehne.pdf\" target=\"_blank\" rel=\"noreferrer noopener\">Pflichtenheft Finanzchef<\/a><\/em><br><br><strong>Feldchef<\/strong><br>Aggeler Emil<br>Schwendistrasse 12<br>7325 Schwendi<br><a href=\"mailto:feldchef@svsarganserland.ch\">E-Mail<\/a><br>P: 081 723 57 35<br>N: 079 249 23 56<br><em><a href=\"http:\/\/svsarganserland.ch\/Dateien\/Pflichtenhefte\/Pfichtenheft%20Chef%20Feldschiessen%202022%20Emil%20Aggeler.pdf\" target=\"_blank\" rel=\"noreferrer noopener\">Pflichtenheft Feldchef<\/a><\/em><br><br><strong>Verbandsanl\u00e4sse und Wettk\u00e4mpfe<\/strong><br>Cadosch Lorenz<br>Galtschinisweg 13<br>7324 Vilters<br><a href=\"mailto:sdl.cadosch@bluewin.ch\">E-Mail<\/a><br>N: 079 700 36 26<br><em><a href=\"http:\/\/svsarganserland.ch\/Dateien\/Daten2017\/Pflichtenheft%20Chef%20Verbandsanl%C3%83%C2%A4sse.pdf\" target=\"_blank\" rel=\"noreferrer noopener\">Pflichtenheft Verbandsanl\u00e4sse<\/a><\/em><br><br><strong>Jungsch\u00fctzenchef<\/strong><br>Emil Aggeler<br>Schwendistrasse 12<br>7325 Schwendi<br><a href=\"mailto:eaggeler@bluewin.ch\">E-Mail:<br><\/a>P: 081 732 57 35<br>N:\u00a0079\u00a0249 23 56<br><em><a href=\"http:\/\/svsarganserland.ch\/Dateien\/Daten2017\/Pfichtenheft%20Jungsch%C3%83%C2%BCtzenchef.pdf\" target=\"_blank\" rel=\"noreferrer noopener\">Pflichtenheft Jungsch\u00fctzenchef<\/a><\/em><br><br><strong>Matchchef Gewehr<\/strong><br>Vakant<em><br><a href=\"http:\/\/svsarganserland.ch\/Dateien\/Pflichtenhefte\/Pflichtenheft%20Matchchef%20300m%202022%20Anton%20Schlegel.pdf\" target=\"_blank\" rel=\"noreferrer noopener\">Pflichtenheft Matchchef Gewehr<\/a><\/em><br><br><strong>Matchchef Pistole<\/strong><br>Vakant<br><em><a href=\"http:\/\/svsarganserland.ch\/Dateien\/Daten2017\/Pflichtenheft%20Matchchef%2050m.pdf\" target=\"_blank\" rel=\"noreferrer noopener\">Pflichtenheft Matchchef Pistole<\/a><\/em><br><br><strong>Nachwuchschef<\/strong><br>Vakant<br><a href=\"mailto:schlegela@bluewin.ch\">E-Mail:<\/a><br>P: 081 723 25 28<br>N: 079 412 43 23<\/p>\n\n\n\n<p><br><strong>Chef Gruppenmeisterschaft 300 + 50m<\/strong><br>Patrick Stoffel<br>Furggaleidisstrasse 18<br>7223 Buchen im Pr\u00e4ttigau<br><a href=\"javascript:x5engine.utils.emailTo('3442233141','comail.hotml@fetofk_scatrip')\">E-<\/a><a href=\"mailto:patrick_stoffel@hotmail.com\">Mail<\/a><br>N:\u00a0079 409 31 17<br><em><a href=\"http:\/\/svsarganserland.ch\/Dateien\/Pflichtenhefte\/Pfichtenheft%20Chef%20Gruppenmeisterschaft%202022%20Patrick%20Stoffel.pdf\" target=\"_blank\" rel=\"noreferrer noopener\">Pflichtenheft Gruppenmeisterschaft<\/a><\/em><br><strong><br>Chef Veteranen<br><\/strong>Oskar Michel<br>Bahnhofstrasse 47<br>7302 Landquart<br><a href=\"oskar.michel@omat.ch\" data-type=\"URL\" data-id=\"hanspeter.heidegger@gmx.ch\">E-Mail<\/a><br>N: 079 311 00 30<br><em><a href=\"http:\/\/svsarganserland.ch\/Dateien\/Pflichtenhefte\/Pflichtenheft%20Veteranen%20Obmann%202022%20Hanspeter%20Heidegger.pdf\" target=\"_blank\" rel=\"noreferrer noopener\">Pflichtenheft Veteranen-Obmann<\/a><\/em><br><br><strong>Webmaster<\/strong><br>Aschwanden Andreas<br>Geissacherstrasse 4<br>8892 Berschis<br><a href=\"mailto:svswebmaster@svsarganserland.ch\">E-Mail<\/a><br>N: 079 265 55 71<br><br>&#8212;&#8212;&#8212;&#8212;&#8212;&#8212;&#8212;&#8212;&#8212;&#8212;&#8212;&#8212;&#8212;&#8212;&#8212;&#8212;&#8212;&#8212;&#8212;&#8212;<br><strong>Besondere Funktionen Bundesprogramm<\/strong><br><br><strong>Feldmeisterschaften 1. &#8211;\u00a05. Verdienstauszeichnungen<\/strong><br><\/p>\n\n\n\n<p>Emil Aggeler<br>Schwendistrasse 12<br>7325 Schwendi<br><a href=\"https:\/\/mailto:eaggeler@bluewin.ch\" target=\"_blank\" rel=\"noreferrer noopener\">E-Mail:<\/a><br>P: 081 732 57 35<br>N:&nbsp;079&nbsp;249 23 56<\/p>\n","protected":false},"excerpt":{"rendered":"<p>Pr\u00e4sidentHans RickenbacherSchickstrasse 258889 PlonsPflichtenheft Pr\u00e4sident Vizepr\u00e4sident a.iHans RickenbacherSchickstrasse 258889 PlonsPflichtenheft Vizepr\u00e4sidentAktuarinChristine PfiffnerParfannastrasse 418887 MelsE-MailG:\u00a0081 723 53 18N:\u00a0079 336 65 74Pflichtenheft Aktuarin FinanzchefK\u00fchne OthmarSchulhausstrasse 67324 ViltersE-MailP: 081 723 57 64N: 079 610 26 15Pflichtenheft Finanzchef FeldchefAggeler EmilSchwendistrasse 127325 SchwendiE-MailP: 081 723&#8230; <a href=\"http:\/\/www.svsarganserland.ch\/wp\/?page_id=35\" class=\"readmore\">Weiterlesen<span class=\"screen-reader-text\">Leitender Ausschuss<\/span><span class=\"fa fa-angle-double-right\" aria-hidden=\"true\"><\/span><\/a><\/p>\n","protected":false},"author":1,"featured_media":0,"parent":0,"menu_order":0,"comment_status":"closed","ping_status":"closed","template":"","meta":{"footnotes":""},"class_list":["post-35","page","type-page","status-publish","hentry"],"_links":{"self":[{"href":"http:\/\/www.svsarganserland.ch\/wp\/index.php?rest_route=\/wp\/v2\/pages\/35","targetHints":{"allow":["GET"]}}],"collection":[{"href":"http:\/\/www.svsarganserland.ch\/wp\/index.php?rest_route=\/wp\/v2\/pages"}],"about":[{"href":"http:\/\/www.svsarganserland.ch\/wp\/index.php?rest_route=\/wp\/v2\/types\/page"}],"author":[{"embeddable":true,"href":"http:\/\/www.svsarganserland.ch\/wp\/index.php?rest_route=\/wp\/v2\/users\/1"}],"replies":[{"embeddable":true,"href":"http:\/\/www.svsarganserland.ch\/wp\/index.php?rest_route=%2Fwp%2Fv2%2Fcomments&post=35"}],"version-history":[{"count":16,"href":"http:\/\/www.svsarganserland.ch\/wp\/index.php?rest_route=\/wp\/v2\/pages\/35\/revisions"}],"predecessor-version":[{"id":715,"href":"http:\/\/www.svsarganserland.ch\/wp\/index.php?rest_route=\/wp\/v2\/pages\/35\/revisions\/715"}],"wp:attachment":[{"href":"http:\/\/www.svsarganserland.ch\/wp\/index.php?rest_route=%2Fwp%2Fv2%2Fmedia&parent=35"}],"curies":[{"name":"wp","href":"https:\/\/api.w.org\/{rel}","templated":true}]}}