{"id":119,"date":"2020-12-21T10:05:31","date_gmt":"2020-12-21T10:05:31","guid":{"rendered":"http:\/\/www.svsarganserland.ch\/wp\/?page_id=119"},"modified":"2023-04-24T19:02:06","modified_gmt":"2023-04-24T19:02:06","slug":"vereine","status":"publish","type":"page","link":"http:\/\/www.svsarganserland.ch\/wp\/?page_id=119","title":{"rendered":"Vereine"},"content":{"rendered":"\n<p><strong>Abrechnungsformulare &#8222;Obligatorische \u00dcbungen&#8220;<\/strong><\/p>\n\n\n\n<ul class=\"wp-block-list\"><li><a href=\"http:\/\/svsarganserland.ch\/Dateien\/Daten%202018\/Obli_Abrechnung%2025-50m.xls\" target=\"_blank\" rel=\"noreferrer noopener\">Formular<\/a>&nbsp;25 &#8211;&nbsp;50m&nbsp;<img decoding=\"async\" src=\"http:\/\/www.svsarganserland.ch\/images\/excel_icon.gif\" alt=\"\"><\/li><li><a href=\"http:\/\/svsarganserland.ch\/Dateien\/Daten%202018\/Obli_Abrechnung%20300m.xls\" target=\"_blank\" rel=\"noreferrer noopener\">Formula<\/a>r 300m&nbsp;<img decoding=\"async\" src=\"http:\/\/www.svsarganserland.ch\/images\/excel_icon.gif\" alt=\"\"><\/li><\/ul>\n\n\n\n<p><br><br><strong>Vereine<\/strong><br><br><a rel=\"noreferrer noopener\" href=\"http:\/\/www.sg-flums.ch\/\" target=\"_blank\">Sch\u00fctzengesellschaft Flums<\/a><br><br><a rel=\"noreferrer noopener\" href=\"http:\/\/www.msvfg.ch\/\" target=\"_blank\">MSV Grossberg Flums<\/a><br><br><a rel=\"noreferrer noopener\" href=\"http:\/\/psv-flums.ch\/\" target=\"_blank\">Pistolensch\u00fctzenverein Flums<\/a><br><br><a rel=\"noreferrer noopener\" href=\"http:\/\/www.svmels.ch\/\" target=\"_blank\">Sch\u00fctzenverein Mels<\/a><br><br><a rel=\"noreferrer noopener\" href=\"http:\/\/www.sgmols.ch\/\" target=\"_blank\">Sch\u00fctzengesellschaft Mols<\/a><br><br><a rel=\"noreferrer noopener\" href=\"http:\/\/www.msvq.ch\/\" target=\"_blank\">MSV Quinten<\/a><br><br><a rel=\"noreferrer noopener\" href=\"https:\/\/www.sv-sargans.ch\/index.php\" target=\"_blank\">Sch\u00fctzenverein Sargans<\/a><br><br><a rel=\"noreferrer noopener\" href=\"http:\/\/www.taminaschuetzen.ch\" target=\"_blank\">SG Taminasch\u00fctzen<\/a><br><br><a rel=\"noreferrer noopener\" href=\"http:\/\/www.stswalenstadt.ch\/\" target=\"_blank\">Stadtsch\u00fctzen Walenstadt<\/a><br><br><a rel=\"noreferrer noopener\" href=\"http:\/\/psv-walenstadt.ch\/\" target=\"_blank\">Pistolensch\u00fctzenverein Walenstadt<\/a><br><br><a rel=\"noreferrer noopener\" href=\"http:\/\/www.fsgwangs.ch\/\" target=\"_blank\">Feldsch\u00fctzen Wangs<\/a><br><br><a rel=\"noreferrer noopener\" href=\"http:\/\/www.sv-weisstannen.ch\/\" target=\"_blank\">Sch\u00fctzenverein Weisstannen<\/a><br><br><a rel=\"noreferrer noopener\" href=\"http:\/\/www.svquarten-oberterzen.ch\/\" target=\"_blank\">Sch\u00fctzenverein Quarten-Oberterzen<\/a><br><br><a rel=\"noreferrer noopener\" href=\"http:\/\/www.xn--militrschtzen-wangs-kwb22c.ch\/\" target=\"_blank\">Milit\u00e4rsch\u00fctzen Wangs<\/a><br><br><a rel=\"noreferrer noopener\" href=\"http:\/\/www.vilters.ch\/msv\/\" target=\"_blank\">Milit\u00e4rsch\u00fctzenverein Vilters<\/a><br><br><a rel=\"noreferrer noopener\" href=\"http:\/\/www.fsg-berschis.info\/\" target=\"_blank\">Feldsch\u00fctzengesellschaft Berschis<\/a><br><br><a rel=\"noreferrer noopener\" href=\"http:\/\/ps-badragaz.ch\/\" target=\"_blank\">Pistolensch\u00fctzen Bad Ragaz<\/a><\/p>\n","protected":false},"excerpt":{"rendered":"<p>Abrechnungsformulare &#8222;Obligatorische \u00dcbungen&#8220; Formular&nbsp;25 &#8211;&nbsp;50m&nbsp; Formular 300m&nbsp; Vereine Sch\u00fctzengesellschaft Flums MSV Grossberg Flums Pistolensch\u00fctzenverein Flums Sch\u00fctzenverein Mels Sch\u00fctzengesellschaft Mols MSV Quinten Sch\u00fctzenverein Sargans SG Taminasch\u00fctzen Stadtsch\u00fctzen Walenstadt Pistolensch\u00fctzenverein Walenstadt Feldsch\u00fctzen Wangs Sch\u00fctzenverein Weisstannen Sch\u00fctzenverein Quarten-Oberterzen Milit\u00e4rsch\u00fctzen Wangs Milit\u00e4rsch\u00fctzenverein Vilters Feldsch\u00fctzengesellschaft&#8230; <a href=\"http:\/\/www.svsarganserland.ch\/wp\/?page_id=119\" class=\"readmore\">Weiterlesen<span class=\"screen-reader-text\">Vereine<\/span><span class=\"fa fa-angle-double-right\" aria-hidden=\"true\"><\/span><\/a><\/p>\n","protected":false},"author":1,"featured_media":0,"parent":0,"menu_order":0,"comment_status":"closed","ping_status":"closed","template":"","meta":{"footnotes":""},"class_list":["post-119","page","type-page","status-publish","hentry"],"_links":{"self":[{"href":"http:\/\/www.svsarganserland.ch\/wp\/index.php?rest_route=\/wp\/v2\/pages\/119","targetHints":{"allow":["GET"]}}],"collection":[{"href":"http:\/\/www.svsarganserland.ch\/wp\/index.php?rest_route=\/wp\/v2\/pages"}],"about":[{"href":"http:\/\/www.svsarganserland.ch\/wp\/index.php?rest_route=\/wp\/v2\/types\/page"}],"author":[{"embeddable":true,"href":"http:\/\/www.svsarganserland.ch\/wp\/index.php?rest_route=\/wp\/v2\/users\/1"}],"replies":[{"embeddable":true,"href":"http:\/\/www.svsarganserland.ch\/wp\/index.php?rest_route=%2Fwp%2Fv2%2Fcomments&post=119"}],"version-history":[{"count":3,"href":"http:\/\/www.svsarganserland.ch\/wp\/index.php?rest_route=\/wp\/v2\/pages\/119\/revisions"}],"predecessor-version":[{"id":563,"href":"http:\/\/www.svsarganserland.ch\/wp\/index.php?rest_route=\/wp\/v2\/pages\/119\/revisions\/563"}],"wp:attachment":[{"href":"http:\/\/www.svsarganserland.ch\/wp\/index.php?rest_route=%2Fwp%2Fv2%2Fmedia&parent=119"}],"curies":[{"name":"wp","href":"https:\/\/api.w.org\/{rel}","templated":true}]}}