{"id":116,"date":"2020-12-21T10:04:24","date_gmt":"2020-12-21T10:04:24","guid":{"rendered":"http:\/\/www.svsarganserland.ch\/wp\/?page_id=116"},"modified":"2022-04-15T09:08:11","modified_gmt":"2022-04-15T09:08:11","slug":"verbaende","status":"publish","type":"page","link":"http:\/\/www.svsarganserland.ch\/wp\/?page_id=116","title":{"rendered":"Verb\u00e4nde"},"content":{"rendered":"<p><a href=\"https:\/\/www.swissshooting.ch\" target=\"_blank\" rel=\"noopener\">Schweizer Schiesssport Verband<\/a><\/p>\n<p><a href=\"http:\/\/www.schuetzenportal.ch\/\" target=\"_blank\" rel=\"noopener\">Schweizer Sch\u00fctzenportal<\/a><\/p>\n<p><a href=\"https:\/\/www.vssv-astv.ch\/cm2\/index.php\/de\/\" target=\"_blank\" rel=\"noopener\">Verband Schweizerischer Sch\u00fctzenveteranen<\/a><\/p>\n<p><a href=\"https:\/\/sg-sv.ch\" target=\"_blank\" rel=\"noopener\">St. Galler Sch\u00fctzenveteranen<\/a><\/p>\n<p><a href=\"http:\/\/www.sbv-asa.ch\/\" target=\"_blank\" rel=\"noopener\">Schweizer B\u00fcchsenmacher und Waffenh\u00e4ndler Verband<\/a><\/p>\n<p><a href=\"http:\/\/www.shoot.ch\/\" target=\"_blank\" rel=\"noopener\">Schiesskomptabilit\u00e4ten Hammer<\/a><\/p>\n<p><a href=\"http:\/\/www.bleiker.ch\/\" target=\"_blank\" rel=\"noopener\">Bleiker Waffen<\/a><\/p>\n<p><a href=\"http:\/\/www.gruenel.ch\/\" target=\"_blank\" rel=\"noopener\">Gr\u00fcnig &amp; Elmiger<\/a><\/p>\n<p><a href=\"http:\/\/www.truttmann.ch\/\" target=\"_blank\" rel=\"noopener\">Truttmann<\/a><\/p>\n","protected":false},"excerpt":{"rendered":"<p>Schweizer Schiesssport Verband Schweizer Sch\u00fctzenportal Verband Schweizerischer Sch\u00fctzenveteranen St. Galler Sch\u00fctzenveteranen Schweizer B\u00fcchsenmacher und Waffenh\u00e4ndler Verband Schiesskomptabilit\u00e4ten Hammer Bleiker Waffen Gr\u00fcnig &amp; Elmiger Truttmann<\/p>\n","protected":false},"author":1,"featured_media":0,"parent":0,"menu_order":0,"comment_status":"closed","ping_status":"closed","template":"","meta":{"footnotes":""},"class_list":["post-116","page","type-page","status-publish","hentry"],"_links":{"self":[{"href":"http:\/\/www.svsarganserland.ch\/wp\/index.php?rest_route=\/wp\/v2\/pages\/116","targetHints":{"allow":["GET"]}}],"collection":[{"href":"http:\/\/www.svsarganserland.ch\/wp\/index.php?rest_route=\/wp\/v2\/pages"}],"about":[{"href":"http:\/\/www.svsarganserland.ch\/wp\/index.php?rest_route=\/wp\/v2\/types\/page"}],"author":[{"embeddable":true,"href":"http:\/\/www.svsarganserland.ch\/wp\/index.php?rest_route=\/wp\/v2\/users\/1"}],"replies":[{"embeddable":true,"href":"http:\/\/www.svsarganserland.ch\/wp\/index.php?rest_route=%2Fwp%2Fv2%2Fcomments&post=116"}],"version-history":[{"count":6,"href":"http:\/\/www.svsarganserland.ch\/wp\/index.php?rest_route=\/wp\/v2\/pages\/116\/revisions"}],"predecessor-version":[{"id":426,"href":"http:\/\/www.svsarganserland.ch\/wp\/index.php?rest_route=\/wp\/v2\/pages\/116\/revisions\/426"}],"wp:attachment":[{"href":"http:\/\/www.svsarganserland.ch\/wp\/index.php?rest_route=%2Fwp%2Fv2%2Fmedia&parent=116"}],"curies":[{"name":"wp","href":"https:\/\/api.w.org\/{rel}","templated":true}]}}