{"id":113,"date":"2020-12-21T10:03:02","date_gmt":"2020-12-21T10:03:02","guid":{"rendered":"http:\/\/www.svsarganserland.ch\/wp\/?page_id=113"},"modified":"2020-12-21T10:03:02","modified_gmt":"2020-12-21T10:03:02","slug":"sponsoren","status":"publish","type":"page","link":"http:\/\/www.svsarganserland.ch\/wp\/?page_id=113","title":{"rendered":"Sponsoren"},"content":{"rendered":"\n<p>Glas Schwitter AG Bad Ragaz<br><br><a rel=\"noreferrer noopener\" href=\"http:\/\/www.kkstoffel.ch\/\" target=\"_blank\">Krankenkasse Stoffel Mels<\/a><br><br><a rel=\"noreferrer noopener\" href=\"http:\/\/www.goeldi-druck.ch\/\" target=\"_blank\">G\u00f6ldi Druck Sargans<\/a><br><br><a rel=\"noreferrer noopener\" href=\"http:\/\/www.kaeppeli.ch\/\" target=\"_blank\">A. K\u00e4ppeli&#8217;s S\u00f6hne AG Sargans<\/a><br><br><a href=\"http:\/\/www.ewmels.ch\/\">Elektrizit\u00e4ts-\u00a0und Wasserwerk Mels<\/a><br><br><a rel=\"noreferrer noopener\" href=\"http:\/\/www.ew-quarten.ch\/\" target=\"_blank\">Elektrizit\u00e4tswerk der Ortsgemeinde Quarten<\/a><br><br><a rel=\"noreferrer noopener\" href=\"http:\/\/www.evw.ch\/\" target=\"_blank\">Elektrizit\u00e4tswerk Vilters &#8211;\u00a0Wangs<\/a><br><a rel=\"noreferrer noopener\" href=\"http:\/\/www.hotelchurfirsten.ch\/\" target=\"_blank\"><br>Hotel Churfirsten Walenstadt<\/a><br><br><a rel=\"noreferrer noopener\" href=\"http:\/\/www.seehof-walenstadt.ch\/cms\/\" target=\"_blank\">Hotel Seehof Walenstadt<\/a><br><br><a rel=\"noreferrer noopener\" href=\"http:\/\/www.schiffahrt-mols.ch\/\" target=\"_blank\">Hotel Schifffahrt Mols<\/a><br><br><a rel=\"noreferrer noopener\" href=\"http:\/\/www.schenk-bruhin.ch\/\" target=\"_blank\">Schenk Bruhin Sargans<\/a><br><br><a rel=\"noreferrer noopener\" href=\"http:\/\/www.sgkb.ch\/\" target=\"_blank\">SG Kantonal Bank<\/a><br><br><a rel=\"noreferrer noopener\" href=\"http:\/\/www.swisslife.ch\/slch\/de\/home.html\" target=\"_blank\">Swiss-Life<\/a><br><br><a rel=\"noreferrer noopener\" href=\"http:\/\/www.landisarganserland.ch\/\" target=\"_blank\">Landi Sarganserland AG<\/a><br><br><a rel=\"noreferrer noopener\" href=\"http:\/\/www.pizolpark.ch\/\" target=\"_blank\">Pizol Park Einkaufszentrum<\/a><br><br><a rel=\"noreferrer noopener\" href=\"http:\/\/www.network-future.ch\/\" target=\"_blank\">Network future<br>Treuhand-\u00a0und EDV-Dienstleistungen<\/a><br><br><a rel=\"noreferrer noopener\" href=\"http:\/\/www.ew-walenstadt.ch\/\" target=\"_blank\">Wasser-\u00a0+ Elektrizit\u00e4tswerk Walenstadt<\/a><\/p>\n","protected":false},"excerpt":{"rendered":"<p>Glas Schwitter AG Bad Ragaz Krankenkasse Stoffel Mels G\u00f6ldi Druck Sargans A. K\u00e4ppeli&#8217;s S\u00f6hne AG Sargans Elektrizit\u00e4ts-\u00a0und Wasserwerk Mels Elektrizit\u00e4tswerk der Ortsgemeinde Quarten Elektrizit\u00e4tswerk Vilters &#8211;\u00a0WangsHotel Churfirsten Walenstadt Hotel Seehof Walenstadt Hotel Schifffahrt Mols Schenk Bruhin Sargans SG Kantonal Bank&#8230; <a href=\"http:\/\/www.svsarganserland.ch\/wp\/?page_id=113\" class=\"readmore\">Weiterlesen<span class=\"screen-reader-text\">Sponsoren<\/span><span class=\"fa fa-angle-double-right\" aria-hidden=\"true\"><\/span><\/a><\/p>\n","protected":false},"author":1,"featured_media":0,"parent":0,"menu_order":0,"comment_status":"closed","ping_status":"closed","template":"","meta":{"footnotes":""},"class_list":["post-113","page","type-page","status-publish","hentry"],"_links":{"self":[{"href":"http:\/\/www.svsarganserland.ch\/wp\/index.php?rest_route=\/wp\/v2\/pages\/113","targetHints":{"allow":["GET"]}}],"collection":[{"href":"http:\/\/www.svsarganserland.ch\/wp\/index.php?rest_route=\/wp\/v2\/pages"}],"about":[{"href":"http:\/\/www.svsarganserland.ch\/wp\/index.php?rest_route=\/wp\/v2\/types\/page"}],"author":[{"embeddable":true,"href":"http:\/\/www.svsarganserland.ch\/wp\/index.php?rest_route=\/wp\/v2\/users\/1"}],"replies":[{"embeddable":true,"href":"http:\/\/www.svsarganserland.ch\/wp\/index.php?rest_route=%2Fwp%2Fv2%2Fcomments&post=113"}],"version-history":[{"count":1,"href":"http:\/\/www.svsarganserland.ch\/wp\/index.php?rest_route=\/wp\/v2\/pages\/113\/revisions"}],"predecessor-version":[{"id":114,"href":"http:\/\/www.svsarganserland.ch\/wp\/index.php?rest_route=\/wp\/v2\/pages\/113\/revisions\/114"}],"wp:attachment":[{"href":"http:\/\/www.svsarganserland.ch\/wp\/index.php?rest_route=%2Fwp%2Fv2%2Fmedia&parent=113"}],"curies":[{"name":"wp","href":"https:\/\/api.w.org\/{rel}","templated":true}]}}